{"id":10,"date":"2020-02-19T08:52:35","date_gmt":"2020-02-19T08:52:35","guid":{"rendered":"https:\/\/themes.muffingroup.com\/be\/rallydriver\/?page_id=10"},"modified":"2026-05-09T11:54:42","modified_gmt":"2026-05-09T09:54:42","slug":"stiahnut","status":"publish","type":"page","link":"https:\/\/ets2svkmap.eu\/en\/stiahnut\/","title":{"rendered":"Download"},"content":{"rendered":"<h2 class=\"wp-block-heading has-text-align-center\">Download<\/h2>\n\n\n\n<div style=\"height:70px\" aria-hidden=\"true\" class=\"wp-block-spacer\"><\/div>\n\n\n\n<div class=\"wp-block-columns is-layout-flex wp-container-core-columns-is-layout-28f84493 wp-block-columns-is-layout-flex\">\n<div class=\"wp-block-column has-palette-color-5-color has-palette-color-1-background-color has-text-color has-background has-link-color wp-elements-6047dce7d0d3094c8b87acae0fc0805c is-layout-flow wp-block-column-is-layout-flow\" style=\"padding-top:30px;padding-right:20px;padding-bottom:30px;padding-left:20px\">\n<h2 class=\"wp-block-heading has-text-align-center has-text-color has-link-color wp-elements-059c1a841f9dd05fa7e8f4c13640f7bc\" style=\"color:#f4a940\">Classic version<\/h2>\n\n\n\n<ul style=\"border-style:none;border-width:0px\" class=\"wp-block-list\">\n<li>9.5.2026<\/li>\n\n\n\n<li><strong>Map version<\/strong> 6.7.2<\/li>\n\n\n\n<li><strong>Game version<\/strong> ETS2 1.59<\/li>\n<\/ul>\n\n\n\n<p class=\"has-text-align-center\">17 cities \/ 400 km of roads<\/p>\n\n\n\n<div class=\"wp-block-buttons has-custom-font-size has-medium-font-size is-horizontal is-content-justification-center is-layout-flex wp-container-core-buttons-is-layout-03627597 wp-block-buttons-is-layout-flex\">\n<div class=\"wp-block-button\"><a class=\"wp-block-button__link has-black-background-color has-text-color has-background has-link-color wp-element-button\" href=\"https:\/\/sharemods.com\/ry74emx3rwsd\/Free_SVKmap1.59.9.5.2026.rar.html\" style=\"border-radius:25px;color:#f4a940\">Download<\/a><\/div>\n\n\n\n<div class=\"wp-block-button\"><a class=\"wp-block-button__link has-black-background-color has-text-color has-background has-link-color wp-element-button\" href=\"https:\/\/mega.nz\/file\/iFogUDJY#h-9bkEtisHhp917Ap-4NX31zskQWGEkIbnPaE_DRMY4\" style=\"border-style:none;border-width:0px;border-radius:25px;color:#f4a940\">Alternative download<\/a><\/div>\n<\/div>\n\n\n\n<h3 class=\"wp-block-heading\">Changelog (9. 5. 2026)<\/h3>\n\n\n\n<p>         <strong>New features:<\/strong><\/p>\n\n\n\n<ul class=\"wp-block-list\">\n<li>support for game version 1.59<\/li>\n\n\n\n<li>new road network between exits 50-68<\/li>\n<\/ul>\n\n\n\n<p>         <strong>Fixes and updates:<\/strong><\/p>\n\n\n\n<ul class=\"wp-block-list\">\n<li>terrain and vegetation adjustments<\/li>\n\n\n\n<li>fixed road signs without text<\/li>\n\n\n\n<li>fixed missing bus wheels at LOD1<\/li>\n<\/ul>\n<\/div>\n\n\n\n<div class=\"wp-block-column has-palette-color-5-color has-palette-color-1-background-color has-text-color has-background has-link-color wp-elements-f71d3aaa004b19011adad32d6d667d00 is-layout-flow wp-block-column-is-layout-flow\" style=\"padding-top:30px;padding-right:20px;padding-bottom:30px;padding-left:20px\">\n<h2 class=\"wp-block-heading has-text-align-center has-text-color has-link-color wp-elements-e115b7365e9946c46f46daae71791652\" style=\"color:#f4a940\">Extended version<\/h2>\n\n\n\n<ul style=\"border-style:none;border-width:0px\" class=\"wp-block-list\">\n<li>9.5.2026<\/li>\n\n\n\n<li><strong>Map version<\/strong> 6.7.2<\/li>\n\n\n\n<li><strong>Game version<\/strong> ETS2 1.59<\/li>\n<\/ul>\n\n\n\n<p class=\"has-text-align-center\">+30 cities \/ +1200 km of roads<\/p>\n\n\n\n<p class=\"has-text-align-center\">Available to everyone who has supported us \ud83d\ude0a Thank you! <\/p>\n\n\n\n<div class=\"wp-block-buttons has-custom-font-size has-medium-font-size is-horizontal is-content-justification-center is-layout-flex wp-container-core-buttons-is-layout-03627597 wp-block-buttons-is-layout-flex\">\n<div class=\"wp-block-button\"><a class=\"wp-block-button__link has-black-background-color has-text-color has-background has-link-color wp-element-button\" href=\"https:\/\/ets2svkmap.eu\/en\/paypal\/\" style=\"border-radius:25px;color:#f4a940\">Paypal<\/a><\/div>\n\n\n\n<div class=\"wp-block-button is-style-fill\"><a class=\"wp-block-button__link has-black-background-color has-text-color has-background has-link-color wp-element-button\" href=\"https:\/\/ets2svkmap.eu\/en\/prevod_ucet\/\" style=\"border-style:none;border-width:0px;border-radius:25px;color:#f4a940\">Bank transfer *<\/a><\/div>\n<\/div>\n\n\n\n<div class=\"wp-block-buttons is-content-justification-center is-layout-flex wp-container-core-buttons-is-layout-a89b3969 wp-block-buttons-is-layout-flex\">\n<div class=\"wp-block-button is-style-fill\"><a class=\"wp-block-button__link has-black-background-color has-text-color has-background has-link-color has-medium-font-size has-custom-font-size wp-element-button\" href=\"https:\/\/ets2svkmap.eu\/rdl-poi\/\" style=\"border-style:none;border-width:0px;border-radius:25px;color:#f4a940;padding-top:var(--wp--preset--spacing--20);padding-right:var(--wp--preset--spacing--70);padding-bottom:var(--wp--preset--spacing--20);padding-left:var(--wp--preset--spacing--70)\">Download<\/a><\/div>\n<\/div>\n\n\n\n<p><em>*Only for account holders in Slovakia and the Czech Republic<\/em><\/p>\n\n\n\n<h3 class=\"wp-block-heading\">Changelog (9. 5. 2026)<\/h3>\n\n\n\n<p>         <strong>New features:<\/strong><\/p>\n\n\n\n<ul class=\"wp-block-list\">\n<li>support for game version 1.59<\/li>\n\n\n\n<li>new road network between exits 50-68<\/li>\n<\/ul>\n\n\n\n<p>         <strong>Fixes and updates:<\/strong><\/p>\n\n\n\n<ul class=\"wp-block-list\">\n<li>terrain and vegetation adjustments<\/li>\n\n\n\n<li>fixed road signs without text<\/li>\n\n\n\n<li>fixed missing bus wheels at LOD1<br><\/li>\n<\/ul>\n<\/div>\n<\/div>\n\n\n\n<div style=\"height:100px\" aria-hidden=\"true\" class=\"wp-block-spacer\"><\/div>\n\n\n\n<h4 class=\"wp-block-heading has-text-align-center\">Contents of each version <\/h4>\n\n\n\n<h6 class=\"wp-block-heading has-text-align-center\">Status as of 7\/2025<\/h6>\n\n\n\n<div class=\"wp-block-stackable-image stk-block-image stk-block stk-d19e0f2\" data-block-id=\"d19e0f2\"><figure><a class=\"stk-link\" href=\"https:\/\/ets2svkmap.eu\/wp-content\/uploads\/2025\/07\/Mapa_web7.2025-scaled.png\" target=\"_blank\" rel=\"noreferrer noopener\"><span class=\"stk-img-wrapper stk-image--shape-stretch\"><img loading=\"lazy\" decoding=\"async\" class=\"stk-img\" src=\"https:\/\/ets2svkmap.eu\/wp-content\/uploads\/2025\/07\/Mapa_web7.2025-scaled.png\" width=\"150\" height=\"300\"\/><\/span><\/a><\/figure><\/div>","protected":false},"excerpt":{"rendered":"<p>Na stiahnutie Klasick\u00e1 verzia 17 miest \/ 400 km ciest Changelog (9. 5. 2026) Novinky: Opravy a \u00fapravy: Roz\u0161\u00edren\u00e1 verzia +30 miest \/ +1200 KM ciest Dostupn\u00e1 pre v\u0161etk\u00fdch \u010do n\u00e1s podporili \ud83d\ude42 \u010fakujeme *Iba pre dr\u017eite\u013eov \u00fa\u010dtov zo Slovenska a \u010ceskej republiky Changelog (9. 5. 2026) Novinky: Opravy a \u00fapravy: \u010co obsahuj\u00fa jednotliv\u00e9 verzie? [&hellip;]<\/p>\n","protected":false},"author":3,"featured_media":0,"parent":0,"menu_order":0,"comment_status":"closed","ping_status":"closed","template":"","meta":{"footnotes":""},"class_list":["post-10","page","type-page","status-publish","hentry"],"blocksy_meta":[],"yoast_head":"<!-- This site is optimized with the Yoast SEO plugin v27.6 - https:\/\/yoast.com\/product\/yoast-seo-wordpress\/ -->\n<title>Download ETS2 Slovak Map | Official Links &amp; Versions<\/title>\n<meta name=\"description\" content=\"Stiahni si ETS2 Slovensk\u00fa mapu a podpor VIP verziu. Download official ETS2 Slovak Map &amp; support development via VIP.\" \/>\n<meta name=\"robots\" content=\"index, follow, max-snippet:-1, max-image-preview:large, max-video-preview:-1\" \/>\n<link rel=\"canonical\" href=\"https:\/\/ets2svkmap.eu\/en\/stiahnut\/\" \/>\n<meta name=\"twitter:card\" content=\"summary_large_image\" \/>\n<meta name=\"twitter:title\" content=\"Download ETS2 Slovak Map | Official Links &amp; Versions\" \/>\n<meta name=\"twitter:description\" content=\"Stiahni si ETS2 Slovensk\u00fa mapu a podpor VIP verziu. Download official ETS2 Slovak Map &amp; support development via VIP.\" \/>\n<meta name=\"twitter:image\" content=\"https:\/\/ets2svkmap.eu\/wp-content\/uploads\/2025\/07\/Mapa_web7.2025-scaled.png\" \/>\n<script type=\"application\/ld+json\" class=\"yoast-schema-graph\">{\"@context\":\"https:\\\/\\\/schema.org\",\"@graph\":[{\"@type\":\"WebPage\",\"@id\":\"https:\\\/\\\/ets2svkmap.eu\\\/stiahnut\\\/\",\"url\":\"https:\\\/\\\/ets2svkmap.eu\\\/stiahnut\\\/\",\"name\":\"Download ETS2 Slovak Map | Official Links & Versions\",\"isPartOf\":{\"@id\":\"https:\\\/\\\/ets2svkmap.eu\\\/#website\"},\"primaryImageOfPage\":{\"@id\":\"https:\\\/\\\/ets2svkmap.eu\\\/stiahnut\\\/#primaryimage\"},\"image\":{\"@id\":\"https:\\\/\\\/ets2svkmap.eu\\\/stiahnut\\\/#primaryimage\"},\"thumbnailUrl\":\"https:\\\/\\\/ets2svkmap.eu\\\/wp-content\\\/uploads\\\/2025\\\/07\\\/Mapa_web7.2025-scaled.png\",\"datePublished\":\"2020-02-19T08:52:35+00:00\",\"dateModified\":\"2026-05-09T09:54:42+00:00\",\"description\":\"Stiahni si ETS2 Slovensk\u00fa mapu a podpor VIP verziu. Download official ETS2 Slovak Map & support development via VIP.\",\"breadcrumb\":{\"@id\":\"https:\\\/\\\/ets2svkmap.eu\\\/stiahnut\\\/#breadcrumb\"},\"inLanguage\":\"en-GB\",\"potentialAction\":[{\"@type\":\"ReadAction\",\"target\":[\"https:\\\/\\\/ets2svkmap.eu\\\/stiahnut\\\/\"]}]},{\"@type\":\"ImageObject\",\"inLanguage\":\"en-GB\",\"@id\":\"https:\\\/\\\/ets2svkmap.eu\\\/stiahnut\\\/#primaryimage\",\"url\":\"https:\\\/\\\/ets2svkmap.eu\\\/wp-content\\\/uploads\\\/2025\\\/07\\\/Mapa_web7.2025-scaled.png\",\"contentUrl\":\"https:\\\/\\\/ets2svkmap.eu\\\/wp-content\\\/uploads\\\/2025\\\/07\\\/Mapa_web7.2025-scaled.png\"},{\"@type\":\"BreadcrumbList\",\"@id\":\"https:\\\/\\\/ets2svkmap.eu\\\/stiahnut\\\/#breadcrumb\",\"itemListElement\":[{\"@type\":\"ListItem\",\"position\":1,\"name\":\"Domovsk\u00e1 str\u00e1nka\",\"item\":\"https:\\\/\\\/ets2svkmap.eu\\\/\"},{\"@type\":\"ListItem\",\"position\":2,\"name\":\"Na stiahnutie\"}]},{\"@type\":\"WebSite\",\"@id\":\"https:\\\/\\\/ets2svkmap.eu\\\/#website\",\"url\":\"https:\\\/\\\/ets2svkmap.eu\\\/\",\"name\":\"Mapa slovenska pre ETS2\",\"description\":\"Mapa slovenska pre ETS2 od Kapo944\",\"publisher\":{\"@id\":\"https:\\\/\\\/ets2svkmap.eu\\\/#organization\"},\"potentialAction\":[{\"@type\":\"SearchAction\",\"target\":{\"@type\":\"EntryPoint\",\"urlTemplate\":\"https:\\\/\\\/ets2svkmap.eu\\\/?s={search_term_string}\"},\"query-input\":{\"@type\":\"PropertyValueSpecification\",\"valueRequired\":true,\"valueName\":\"search_term_string\"}}],\"inLanguage\":\"en-GB\"},{\"@type\":\"Organization\",\"@id\":\"https:\\\/\\\/ets2svkmap.eu\\\/#organization\",\"name\":\"Mapa slovenska pre ETS2\",\"url\":\"https:\\\/\\\/ets2svkmap.eu\\\/\",\"logo\":{\"@type\":\"ImageObject\",\"inLanguage\":\"en-GB\",\"@id\":\"https:\\\/\\\/ets2svkmap.eu\\\/#\\\/schema\\\/logo\\\/image\\\/\",\"url\":\"https:\\\/\\\/ets2svkmap.eu\\\/wp-content\\\/uploads\\\/2025\\\/07\\\/512x512-web.png\",\"contentUrl\":\"https:\\\/\\\/ets2svkmap.eu\\\/wp-content\\\/uploads\\\/2025\\\/07\\\/512x512-web.png\",\"width\":512,\"height\":512,\"caption\":\"Mapa slovenska pre ETS2\"},\"image\":{\"@id\":\"https:\\\/\\\/ets2svkmap.eu\\\/#\\\/schema\\\/logo\\\/image\\\/\"},\"sameAs\":[\"https:\\\/\\\/www.facebook.com\\\/ets2svkmap\",\"https:\\\/\\\/www.instagram.com\\\/ets2_svk_map_by_kapo944\\\/\",\"http:\\\/\\\/discord.gg\\\/wDFUUEMQpS\"]}]}<\/script>\n<!-- \/ Yoast SEO plugin. -->","yoast_head_json":{"title":"Download ETS2 Slovak Map | Official Links & Versions","description":"Stiahni si ETS2 Slovensk\u00fa mapu a podpor VIP verziu. Download official ETS2 Slovak Map & support development via VIP.","robots":{"index":"index","follow":"follow","max-snippet":"max-snippet:-1","max-image-preview":"max-image-preview:large","max-video-preview":"max-video-preview:-1"},"canonical":"https:\/\/ets2svkmap.eu\/en\/stiahnut\/","twitter_card":"summary_large_image","twitter_title":"Download ETS2 Slovak Map | Official Links & Versions","twitter_description":"Stiahni si ETS2 Slovensk\u00fa mapu a podpor VIP verziu. Download official ETS2 Slovak Map & support development via VIP.","twitter_image":"https:\/\/ets2svkmap.eu\/wp-content\/uploads\/2025\/07\/Mapa_web7.2025-scaled.png","schema":{"@context":"https:\/\/schema.org","@graph":[{"@type":"WebPage","@id":"https:\/\/ets2svkmap.eu\/stiahnut\/","url":"https:\/\/ets2svkmap.eu\/stiahnut\/","name":"Download ETS2 Slovak Map | Official Links & Versions","isPartOf":{"@id":"https:\/\/ets2svkmap.eu\/#website"},"primaryImageOfPage":{"@id":"https:\/\/ets2svkmap.eu\/stiahnut\/#primaryimage"},"image":{"@id":"https:\/\/ets2svkmap.eu\/stiahnut\/#primaryimage"},"thumbnailUrl":"https:\/\/ets2svkmap.eu\/wp-content\/uploads\/2025\/07\/Mapa_web7.2025-scaled.png","datePublished":"2020-02-19T08:52:35+00:00","dateModified":"2026-05-09T09:54:42+00:00","description":"Stiahni si ETS2 Slovensk\u00fa mapu a podpor VIP verziu. Download official ETS2 Slovak Map & support development via VIP.","breadcrumb":{"@id":"https:\/\/ets2svkmap.eu\/stiahnut\/#breadcrumb"},"inLanguage":"en-GB","potentialAction":[{"@type":"ReadAction","target":["https:\/\/ets2svkmap.eu\/stiahnut\/"]}]},{"@type":"ImageObject","inLanguage":"en-GB","@id":"https:\/\/ets2svkmap.eu\/stiahnut\/#primaryimage","url":"https:\/\/ets2svkmap.eu\/wp-content\/uploads\/2025\/07\/Mapa_web7.2025-scaled.png","contentUrl":"https:\/\/ets2svkmap.eu\/wp-content\/uploads\/2025\/07\/Mapa_web7.2025-scaled.png"},{"@type":"BreadcrumbList","@id":"https:\/\/ets2svkmap.eu\/stiahnut\/#breadcrumb","itemListElement":[{"@type":"ListItem","position":1,"name":"Domovsk\u00e1 str\u00e1nka","item":"https:\/\/ets2svkmap.eu\/"},{"@type":"ListItem","position":2,"name":"Na stiahnutie"}]},{"@type":"WebSite","@id":"https:\/\/ets2svkmap.eu\/#website","url":"https:\/\/ets2svkmap.eu\/","name":"Mapa slovenska pre ETS2","description":"Mapa slovenska pre ETS2 od Kapo944","publisher":{"@id":"https:\/\/ets2svkmap.eu\/#organization"},"potentialAction":[{"@type":"SearchAction","target":{"@type":"EntryPoint","urlTemplate":"https:\/\/ets2svkmap.eu\/?s={search_term_string}"},"query-input":{"@type":"PropertyValueSpecification","valueRequired":true,"valueName":"search_term_string"}}],"inLanguage":"en-GB"},{"@type":"Organization","@id":"https:\/\/ets2svkmap.eu\/#organization","name":"Mapa slovenska pre ETS2","url":"https:\/\/ets2svkmap.eu\/","logo":{"@type":"ImageObject","inLanguage":"en-GB","@id":"https:\/\/ets2svkmap.eu\/#\/schema\/logo\/image\/","url":"https:\/\/ets2svkmap.eu\/wp-content\/uploads\/2025\/07\/512x512-web.png","contentUrl":"https:\/\/ets2svkmap.eu\/wp-content\/uploads\/2025\/07\/512x512-web.png","width":512,"height":512,"caption":"Mapa slovenska pre ETS2"},"image":{"@id":"https:\/\/ets2svkmap.eu\/#\/schema\/logo\/image\/"},"sameAs":["https:\/\/www.facebook.com\/ets2svkmap","https:\/\/www.instagram.com\/ets2_svk_map_by_kapo944\/","http:\/\/discord.gg\/wDFUUEMQpS"]}]}},"_links":{"self":[{"href":"https:\/\/ets2svkmap.eu\/en\/wp-json\/wp\/v2\/pages\/10","targetHints":{"allow":["GET"]}}],"collection":[{"href":"https:\/\/ets2svkmap.eu\/en\/wp-json\/wp\/v2\/pages"}],"about":[{"href":"https:\/\/ets2svkmap.eu\/en\/wp-json\/wp\/v2\/types\/page"}],"author":[{"embeddable":true,"href":"https:\/\/ets2svkmap.eu\/en\/wp-json\/wp\/v2\/users\/3"}],"replies":[{"embeddable":true,"href":"https:\/\/ets2svkmap.eu\/en\/wp-json\/wp\/v2\/comments?post=10"}],"version-history":[{"count":38,"href":"https:\/\/ets2svkmap.eu\/en\/wp-json\/wp\/v2\/pages\/10\/revisions"}],"predecessor-version":[{"id":1386,"href":"https:\/\/ets2svkmap.eu\/en\/wp-json\/wp\/v2\/pages\/10\/revisions\/1386"}],"wp:attachment":[{"href":"https:\/\/ets2svkmap.eu\/en\/wp-json\/wp\/v2\/media?parent=10"}],"curies":[{"name":"wp","href":"https:\/\/api.w.org\/{rel}","templated":true}]}}