{"id":111,"date":"2021-12-05T10:41:25","date_gmt":"2021-12-05T09:41:25","guid":{"rendered":"https:\/\/ets2svkmap.eu\/?page_id=111"},"modified":"2025-12-10T22:19:34","modified_gmt":"2025-12-10T21:19:34","slug":"tutorial","status":"publish","type":"page","link":"https:\/\/ets2svkmap.eu\/en\/tutorial\/","title":{"rendered":"Map instalation tutorial"},"content":{"rendered":"<h3 class=\"wp-block-heading has-text-align-center\">Video tutorial:<\/h3>\n\n\n\n<div class=\"wp-block-columns is-layout-flex wp-container-core-columns-is-layout-28f84493 wp-block-columns-is-layout-flex\">\n<div class=\"wp-block-column is-layout-flow wp-block-column-is-layout-flow\" style=\"flex-basis:200px\"><\/div>\n\n\n\n<div class=\"wp-block-column is-layout-flow wp-block-column-is-layout-flow\">\n<figure class=\"wp-block-embed is-type-video is-provider-youtube wp-block-embed-youtube wp-embed-aspect-16-9 wp-has-aspect-ratio\"><div class=\"wp-block-embed__wrapper\">\n<iframe loading=\"lazy\" title=\"How to Install ETS2 SVK Map Mod (Game version 1.57)\" width=\"1290\" height=\"726\" src=\"https:\/\/www.youtube.com\/embed\/i9Jb_6vnUaA?feature=oembed\" frameborder=\"0\" allow=\"accelerometer; autoplay; clipboard-write; encrypted-media; gyroscope; picture-in-picture; web-share\" referrerpolicy=\"strict-origin-when-cross-origin\" allowfullscreen><\/iframe>\n<\/div><\/figure>\n<\/div>\n\n\n\n<div class=\"wp-block-column is-layout-flow wp-block-column-is-layout-flow\" style=\"flex-basis:200px\"><\/div>\n<\/div>\n\n\n\n<h3 class=\"wp-block-heading has-text-align-center\">Installation Guide<\/h3>\n\n\n\n<h4 class=\"wp-block-heading\">1. <strong>How to get the map mod<\/strong><\/h4>\n\n\n\n<ul class=\"wp-block-list\">\n<li>Visit the <strong><a href=\"https:\/\/ets2svkmap.eu\/en\/stiahnut\/\">Download<\/a><\/strong>, section where you\u2019ll find links to the classic version.<\/li>\n\n\n\n<li>If you supported the project, you will receive a download link for the extended version by email within 48 hours.<\/li>\n\n\n\n<li>Download the <em><strong>.rar <\/strong><\/em>archive from the provided link to your computer.<\/li>\n<\/ul>\n\n\n\n<h4 class=\"wp-block-heading\">2. <strong>Extracting the Archive<\/strong><\/h4>\n\n\n\n<ul class=\"wp-block-list\">\n<li>Use <strong>WinRAR<\/strong> or <strong>7-Zip<\/strong>.<\/li>\n\n\n\n<li class=\"translation-block\">Right-click the .rar file and choose Extract here.<\/li>\n\n\n\n<li>After extraction, you will find either:\n<ul class=\"wp-block-list\">\n<li>the installer <strong><em>slovakia_setup.exe<\/em><\/strong><\/li>\n\n\n\n<li>a folder named Classic with <em><strong>.scs<\/strong><\/em> files for manual installation<\/li>\n<\/ul>\n<\/li>\n<\/ul>\n\n\n\n<h4 class=\"wp-block-heading\">3A. <strong>Installation via Installer<\/strong><\/h4>\n\n\n\n<ul class=\"wp-block-list\">\n<li>Run <strong><em>slovakia_setup.exe<\/em><\/strong>.<\/li>\n\n\n\n<li>Follow the on-screen instructions.<\/li>\n\n\n\n<li>The files will be automatically copied to: <em>Documents\/Euro Truck Simulator 2\/mod<\/em>.<\/li>\n<\/ul>\n\n\n\n<h4 class=\"wp-block-heading\">3B. <strong>Manual Installation (Classic Version)<\/strong><\/h4>\n\n\n\n<ul class=\"wp-block-list\">\n<li>Copy the <strong><em>.scs<\/em><\/strong> files from the <em><strong>Classic<\/strong><\/em> folder to:\n<ul class=\"wp-block-list\">\n<li><strong><em>Documents\/Euro Truck Simulator 2\/mod<\/em><\/strong><\/li>\n<\/ul>\n<\/li>\n<\/ul>\n\n\n\n<h4 class=\"wp-block-heading\">4A. <strong>Using the Pre-made Profile<\/strong><\/h4>\n\n\n\n<ul class=\"wp-block-list\">\n<li>Launch ETS2.<\/li>\n\n\n\n<li>Select the profile <strong><em>&#8222;Slovakia_map&#8220;<\/em><\/strong>, which is included with the installer.<\/li>\n<\/ul>\n\n\n\n<h4 class=\"wp-block-heading\">4B. <strong>Creating Your Own Profile<\/strong><\/h4>\n\n\n\n<ol class=\"wp-block-list\">\n<li>First, activate the mod in the mod manager during the profile setup.<\/li>\n\n\n\n<li>Then, while choosing your profile name again, click on <strong>\"Change Game Module\"<\/strong>.<\/li>\n\n\n\n<li>Change the module from <strong><em>europe.mbd<\/em><\/strong> to <strong><em>slovak.mbd<\/em><\/strong>.<\/li>\n\n\n\n<li>Complete the profile setup and start the game.<\/li>\n<\/ol>\n\n\n\n<hr class=\"wp-block-separator has-alpha-channel-opacity\"\/>\n\n\n\n<p> <strong>Notes:<\/strong><\/p>\n\n\n\n<ul class=\"wp-block-list\">\n<li>You only need to create the profile once. When updating the map, you can continue using your existing profile.<\/li>\n\n\n\n<li>Game version compatibility is listed in the section <strong>Download<\/strong>.<\/li>\n\n\n\n<li>Each payment grants one-time access to the current version of the map \u2014 future updates are not included.<\/li>\n\n\n\n<li>If you experience any issues, visit the <a href=\"https:\/\/ets2svkmap.eu\/en\/faq\/\">FAQ<\/a> or contact us via email or Discord.<\/li>\n<\/ul>\n\n\n\n<p><\/p>","protected":false},"excerpt":{"rendered":"<p>Video n\u00e1vod: N\u00e1vod na in\u0161tal\u00e1ciu mapy 1. Z\u00edskanie mapy 2. Rozbalenie arch\u00edvu 3A. In\u0161tal\u00e1cia pomocou in\u0161tal\u00e1tora 3B. Manu\u00e1lna in\u0161tal\u00e1cia (klasick\u00e1 verzia) 4A. Pou\u017eitie predpripraven\u00e9ho profilu 4B. Vytvorenie vlastn\u00e9ho profilu Pozn\u00e1mky:<\/p>","protected":false},"author":3,"featured_media":0,"parent":0,"menu_order":0,"comment_status":"closed","ping_status":"closed","template":"","meta":{"footnotes":""},"class_list":["post-111","page","type-page","status-publish","hentry"],"blocksy_meta":[],"yoast_head":"<!-- This site is optimized with the Yoast SEO plugin v27.5 - https:\/\/yoast.com\/product\/yoast-seo-wordpress\/ -->\n<title>How to Install Slovak Map in ETS2 | Step-by-Step Guide<\/title>\n<meta name=\"description\" content=\"N\u00e1vod na in\u0161tal\u00e1ciu mapy do ETS2 krok za krokom. Step-by-step tutorial on installing the Slovak Map in ETS2.\" \/>\n<meta name=\"robots\" content=\"index, follow, max-snippet:-1, max-image-preview:large, max-video-preview:-1\" \/>\n<link rel=\"canonical\" href=\"https:\/\/ets2svkmap.eu\/en\/tutorial\/\" \/>\n<meta name=\"twitter:card\" content=\"summary_large_image\" \/>\n<meta name=\"twitter:title\" content=\"How to Install Slovak Map in ETS2 | Step-by-Step Guide\" \/>\n<meta name=\"twitter:description\" content=\"N\u00e1vod na in\u0161tal\u00e1ciu mapy do ETS2 krok za krokom. Step-by-step tutorial on installing the Slovak Map in ETS2.\" \/>\n<meta name=\"twitter:label1\" content=\"Estimated reading time\" \/>\n\t<meta name=\"twitter:data1\" content=\"2 minutes\" \/>\n<script type=\"application\/ld+json\" class=\"yoast-schema-graph\">{\"@context\":\"https:\\\/\\\/schema.org\",\"@graph\":[{\"@type\":\"WebPage\",\"@id\":\"https:\\\/\\\/ets2svkmap.eu\\\/tutorial\\\/\",\"url\":\"https:\\\/\\\/ets2svkmap.eu\\\/tutorial\\\/\",\"name\":\"How to Install Slovak Map in ETS2 | Step-by-Step Guide\",\"isPartOf\":{\"@id\":\"https:\\\/\\\/ets2svkmap.eu\\\/#website\"},\"datePublished\":\"2021-12-05T09:41:25+00:00\",\"dateModified\":\"2025-12-10T21:19:34+00:00\",\"description\":\"N\u00e1vod na in\u0161tal\u00e1ciu mapy do ETS2 krok za krokom. Step-by-step tutorial on installing the Slovak Map in ETS2.\",\"breadcrumb\":{\"@id\":\"https:\\\/\\\/ets2svkmap.eu\\\/tutorial\\\/#breadcrumb\"},\"inLanguage\":\"en-GB\",\"potentialAction\":[{\"@type\":\"ReadAction\",\"target\":[\"https:\\\/\\\/ets2svkmap.eu\\\/tutorial\\\/\"]}]},{\"@type\":\"BreadcrumbList\",\"@id\":\"https:\\\/\\\/ets2svkmap.eu\\\/tutorial\\\/#breadcrumb\",\"itemListElement\":[{\"@type\":\"ListItem\",\"position\":1,\"name\":\"Domovsk\u00e1 str\u00e1nka\",\"item\":\"https:\\\/\\\/ets2svkmap.eu\\\/\"},{\"@type\":\"ListItem\",\"position\":2,\"name\":\"N\u00e1vody na in\u0161tal\u00e1ciu\"}]},{\"@type\":\"WebSite\",\"@id\":\"https:\\\/\\\/ets2svkmap.eu\\\/#website\",\"url\":\"https:\\\/\\\/ets2svkmap.eu\\\/\",\"name\":\"Mapa slovenska pre ETS2\",\"description\":\"Mapa slovenska pre ETS2 od Kapo944\",\"publisher\":{\"@id\":\"https:\\\/\\\/ets2svkmap.eu\\\/#organization\"},\"potentialAction\":[{\"@type\":\"SearchAction\",\"target\":{\"@type\":\"EntryPoint\",\"urlTemplate\":\"https:\\\/\\\/ets2svkmap.eu\\\/?s={search_term_string}\"},\"query-input\":{\"@type\":\"PropertyValueSpecification\",\"valueRequired\":true,\"valueName\":\"search_term_string\"}}],\"inLanguage\":\"en-GB\"},{\"@type\":\"Organization\",\"@id\":\"https:\\\/\\\/ets2svkmap.eu\\\/#organization\",\"name\":\"Mapa slovenska pre ETS2\",\"url\":\"https:\\\/\\\/ets2svkmap.eu\\\/\",\"logo\":{\"@type\":\"ImageObject\",\"inLanguage\":\"en-GB\",\"@id\":\"https:\\\/\\\/ets2svkmap.eu\\\/#\\\/schema\\\/logo\\\/image\\\/\",\"url\":\"https:\\\/\\\/ets2svkmap.eu\\\/wp-content\\\/uploads\\\/2025\\\/07\\\/512x512-web.png\",\"contentUrl\":\"https:\\\/\\\/ets2svkmap.eu\\\/wp-content\\\/uploads\\\/2025\\\/07\\\/512x512-web.png\",\"width\":512,\"height\":512,\"caption\":\"Mapa slovenska pre ETS2\"},\"image\":{\"@id\":\"https:\\\/\\\/ets2svkmap.eu\\\/#\\\/schema\\\/logo\\\/image\\\/\"},\"sameAs\":[\"https:\\\/\\\/www.facebook.com\\\/ets2svkmap\",\"https:\\\/\\\/www.instagram.com\\\/ets2_svk_map_by_kapo944\\\/\",\"http:\\\/\\\/discord.gg\\\/wDFUUEMQpS\"]}]}<\/script>\n<!-- \/ Yoast SEO plugin. -->","yoast_head_json":{"title":"How to Install Slovak Map in ETS2 | Step-by-Step Guide","description":"N\u00e1vod na in\u0161tal\u00e1ciu mapy do ETS2 krok za krokom. Step-by-step tutorial on installing the Slovak Map in ETS2.","robots":{"index":"index","follow":"follow","max-snippet":"max-snippet:-1","max-image-preview":"max-image-preview:large","max-video-preview":"max-video-preview:-1"},"canonical":"https:\/\/ets2svkmap.eu\/en\/tutorial\/","twitter_card":"summary_large_image","twitter_title":"How to Install Slovak Map in ETS2 | Step-by-Step Guide","twitter_description":"N\u00e1vod na in\u0161tal\u00e1ciu mapy do ETS2 krok za krokom. Step-by-step tutorial on installing the Slovak Map in ETS2.","twitter_misc":{"Estimated reading time":"2 minutes"},"schema":{"@context":"https:\/\/schema.org","@graph":[{"@type":"WebPage","@id":"https:\/\/ets2svkmap.eu\/tutorial\/","url":"https:\/\/ets2svkmap.eu\/tutorial\/","name":"How to Install Slovak Map in ETS2 | Step-by-Step Guide","isPartOf":{"@id":"https:\/\/ets2svkmap.eu\/#website"},"datePublished":"2021-12-05T09:41:25+00:00","dateModified":"2025-12-10T21:19:34+00:00","description":"N\u00e1vod na in\u0161tal\u00e1ciu mapy do ETS2 krok za krokom. Step-by-step tutorial on installing the Slovak Map in ETS2.","breadcrumb":{"@id":"https:\/\/ets2svkmap.eu\/tutorial\/#breadcrumb"},"inLanguage":"en-GB","potentialAction":[{"@type":"ReadAction","target":["https:\/\/ets2svkmap.eu\/tutorial\/"]}]},{"@type":"BreadcrumbList","@id":"https:\/\/ets2svkmap.eu\/tutorial\/#breadcrumb","itemListElement":[{"@type":"ListItem","position":1,"name":"Domovsk\u00e1 str\u00e1nka","item":"https:\/\/ets2svkmap.eu\/"},{"@type":"ListItem","position":2,"name":"N\u00e1vody na in\u0161tal\u00e1ciu"}]},{"@type":"WebSite","@id":"https:\/\/ets2svkmap.eu\/#website","url":"https:\/\/ets2svkmap.eu\/","name":"Mapa slovenska pre ETS2","description":"Mapa slovenska pre ETS2 od Kapo944","publisher":{"@id":"https:\/\/ets2svkmap.eu\/#organization"},"potentialAction":[{"@type":"SearchAction","target":{"@type":"EntryPoint","urlTemplate":"https:\/\/ets2svkmap.eu\/?s={search_term_string}"},"query-input":{"@type":"PropertyValueSpecification","valueRequired":true,"valueName":"search_term_string"}}],"inLanguage":"en-GB"},{"@type":"Organization","@id":"https:\/\/ets2svkmap.eu\/#organization","name":"Mapa slovenska pre ETS2","url":"https:\/\/ets2svkmap.eu\/","logo":{"@type":"ImageObject","inLanguage":"en-GB","@id":"https:\/\/ets2svkmap.eu\/#\/schema\/logo\/image\/","url":"https:\/\/ets2svkmap.eu\/wp-content\/uploads\/2025\/07\/512x512-web.png","contentUrl":"https:\/\/ets2svkmap.eu\/wp-content\/uploads\/2025\/07\/512x512-web.png","width":512,"height":512,"caption":"Mapa slovenska pre ETS2"},"image":{"@id":"https:\/\/ets2svkmap.eu\/#\/schema\/logo\/image\/"},"sameAs":["https:\/\/www.facebook.com\/ets2svkmap","https:\/\/www.instagram.com\/ets2_svk_map_by_kapo944\/","http:\/\/discord.gg\/wDFUUEMQpS"]}]}},"_links":{"self":[{"href":"https:\/\/ets2svkmap.eu\/en\/wp-json\/wp\/v2\/pages\/111","targetHints":{"allow":["GET"]}}],"collection":[{"href":"https:\/\/ets2svkmap.eu\/en\/wp-json\/wp\/v2\/pages"}],"about":[{"href":"https:\/\/ets2svkmap.eu\/en\/wp-json\/wp\/v2\/types\/page"}],"author":[{"embeddable":true,"href":"https:\/\/ets2svkmap.eu\/en\/wp-json\/wp\/v2\/users\/3"}],"replies":[{"embeddable":true,"href":"https:\/\/ets2svkmap.eu\/en\/wp-json\/wp\/v2\/comments?post=111"}],"version-history":[{"count":13,"href":"https:\/\/ets2svkmap.eu\/en\/wp-json\/wp\/v2\/pages\/111\/revisions"}],"predecessor-version":[{"id":1297,"href":"https:\/\/ets2svkmap.eu\/en\/wp-json\/wp\/v2\/pages\/111\/revisions\/1297"}],"wp:attachment":[{"href":"https:\/\/ets2svkmap.eu\/en\/wp-json\/wp\/v2\/media?parent=111"}],"curies":[{"name":"wp","href":"https:\/\/api.w.org\/{rel}","templated":true}]}}