{"id":116,"date":"2021-12-05T10:44:03","date_gmt":"2021-12-05T09:44:03","guid":{"rendered":"https:\/\/ets2svkmap.eu\/?page_id=116"},"modified":"2026-05-09T11:20:53","modified_gmt":"2026-05-09T09:20:53","slug":"progress","status":"publish","type":"page","link":"https:\/\/ets2svkmap.eu\/en\/progress\/","title":{"rendered":"Progress map"},"content":{"rendered":"<h3 class=\"wp-block-heading has-text-align-center\">Current Map Development Status<\/h3>\n\n\n\n<p><br> The Slovak Map for ETS2 covers most of Slovakia in a 1:5 scale. On this page, you will find an up-to-date overview of completed areas, the latest additions, and upcoming planned sections. The map is constantly expanding and older parts are being modernized.<\/p>\n\n\n\n<div style=\"margin-top:0;margin-bottom:0;height:20px\" aria-hidden=\"true\" class=\"wp-block-spacer\"><\/div>\n\n\n\n<h4 class=\"wp-block-heading has-text-align-center\">Actual status of works 5\/2026<\/h4>\n\n\n\n<div class=\"wp-block-columns is-layout-flex wp-container-core-columns-is-layout-28f84493 wp-block-columns-is-layout-flex\">\n<div class=\"wp-block-column is-layout-flow wp-block-column-is-layout-flow\" style=\"flex-basis:200px\"><\/div>\n\n\n\n<div class=\"wp-block-column is-layout-flow wp-block-column-is-layout-flow\">\n<h5 class=\"wp-block-heading\">\ud83d\udccd <strong>Bratislava Region<\/strong><\/h5>\n\n\n\n<ul class=\"wp-block-list\">\n<li>coverage: approx. 50%<\/li>\n\n\n\n<li>capitol city and surroundings (D1, D2, D4 highways)<\/li>\n\n\n\n<li>planned modernization in 2026<\/li>\n\n\n\n<li>Pezinok and extension towards K\u00faty are planned for the future<\/li>\n\n\n\n<li>Some bugs have been fixed<\/li>\n<\/ul>\n\n\n\n<h5 class=\"wp-block-heading\">\ud83d\udccd <strong>Trnava Region<\/strong><\/h5>\n\n\n\n<ul class=\"wp-block-list\">\n<li>coverage: approx. 40%<\/li>\n\n\n\n<li>new traffic signs were added in version 6.6.6<\/li>\n\n\n\n<li>new road network between exits 50-68<\/li>\n<\/ul>\n\n\n\n<h5 class=\"wp-block-heading\">\ud83d\udccd <strong>Nitra Region<\/strong><\/h5>\n\n\n\n<ul class=\"wp-block-list\">\n<li>coverage: approx. 45%<\/li>\n\n\n\n<li>the city of Nitra is scheduled for reconstruction<\/li>\n\n\n\n<li>the village of Tvrdo\u0161ovce is closed due to planned development of the town \u0160a\u013ea (6.6.9)<\/li>\n<\/ul>\n\n\n\n<h5 class=\"wp-block-heading\">\ud83d\udccd <strong>Tren\u010d\u00edn Region<\/strong><\/h5>\n\n\n\n<ul class=\"wp-block-list\">\n<li>coverage: approx. 25%<\/li>\n\n\n\n<li>the city of Tren\u010d\u00edn and its surroundings added (6.6.9)<\/li>\n\n\n\n<li>new signs and AI traffic behavior improvements<\/li>\n\n\n\n<li>planned expansion toward B\u00e1novce nad Bebravou and Nov\u00e1ky<\/li>\n<\/ul>\n\n\n\n<h5 class=\"wp-block-heading\">\ud83d\udccd <strong>\u017dilina Region<\/strong><\/h5>\n\n\n\n<ul class=\"wp-block-list\">\n<li>coverage: approx. 75%<\/li>\n\n\n\n<li>added city of Liptovsk\u00fd Mikul\u00e1\u0161 (6.6.8)<\/li>\n\n\n\n<li>city of \u017dilina was modernized<\/li>\n\n\n\n<li>the whole region is gradually being updated, mainly Martin and Doln\u00fd Kub\u00edn<\/li>\n<\/ul>\n\n\n\n<h5 class=\"wp-block-heading\">\ud83d\udccd <strong>Bansk\u00e1 Bystrica Region<\/strong><\/h5>\n\n\n\n<ul class=\"wp-block-list\">\n<li>coverage: approx. 50%<\/li>\n\n\n\n<li>the Lu\u010denec area partially modernized, including the road to Rimavsk\u00e1 Sobota<\/li>\n\n\n\n<li>Brezno freshly rebuilt according to new requirements (6.6.9)<\/li>\n\n\n\n<li>the city of Brezno- M\u00fdto pod \u010eumbierom and a road III\/2378 was modernized (6.7.0)<br><\/li>\n<\/ul>\n\n\n\n<h5 class=\"wp-block-heading\">\ud83d\udccd <strong>Pre\u0161ov Region<\/strong><\/h5>\n\n\n\n<ul class=\"wp-block-list\">\n<li>coverage: approx. 65%<\/li>\n\n\n\n<li>city of Ke\u017emarok added (6.6.6)<\/li>\n\n\n\n<li>Kl\u010dov\u2013Branisko completely rebuilt from scratch (6.6.9)<\/li>\n\n\n\n<li>ongoing modernization is planned for the entire route up to Pre\u0161ov, including the city itself<\/li>\n\n\n\n<li>the village of Neme\u0161any, Kl\u010dov, Spi\u0161. Hrhov completely reguilt from scratch (6.7.0)<\/li>\n<\/ul>\n\n\n\n<h5 class=\"wp-block-heading\">\ud83d\udccd <strong>Ko\u0161ice Region<\/strong><\/h5>\n\n\n\n<ul class=\"wp-block-list\">\n<li>coverage: approx. 25%<\/li>\n\n\n\n<li>currently includes only the basic road framework<\/li>\n<\/ul>\n<\/div>\n\n\n\n<div class=\"wp-block-column is-layout-flow wp-block-column-is-layout-flow\" style=\"flex-basis:200px\"><\/div>\n<\/div>\n\n\n\n<div style=\"height:10px\" aria-hidden=\"true\" class=\"wp-block-spacer\"><\/div>\n\n\n\n<h3 class=\"wp-block-heading has-text-align-center\">Map<\/h3>\n\n\n\n<p class=\"has-text-align-center\"><strong>Current road network as of 7\/2025<\/strong><\/p>\n\n\n\n<div class=\"wp-block-columns is-layout-flex wp-container-core-columns-is-layout-28f84493 wp-block-columns-is-layout-flex\">\n<div class=\"wp-block-column is-layout-flow wp-block-column-is-layout-flow\" style=\"flex-basis:100px\"><\/div>\n\n\n\n<div class=\"wp-block-column is-layout-flow wp-block-column-is-layout-flow\">\n<div class=\"wp-block-stackable-image stk-block-image stk-block stk-d19e0f2\" data-block-id=\"d19e0f2\"><figure><a class=\"stk-link\" href=\"https:\/\/ets2svkmap.eu\/wp-content\/uploads\/2025\/07\/Mapa_web7.2025-scaled.png\" target=\"_blank\" rel=\"noreferrer noopener\"><span class=\"stk-img-wrapper stk-image--shape-stretch\"><img loading=\"lazy\" decoding=\"async\" class=\"stk-img\" src=\"https:\/\/ets2svkmap.eu\/wp-content\/uploads\/2025\/07\/Mapa_web7.2025-scaled.png\" width=\"150\" height=\"300\"\/><\/span><\/a><\/figure><\/div>\n<\/div>\n\n\n\n<div class=\"wp-block-column is-layout-flow wp-block-column-is-layout-flow\" style=\"flex-basis:40px\"><\/div>\n<\/div>","protected":false},"excerpt":{"rendered":"<p>Aktu\u00e1lny stav v\u00fdvoja mapy Slovensk\u00e1 mapa pre ETS2 pokr\u00fdva v\u00e4\u010d\u0161inu Slovenska v mierke 1:5. Na tejto str\u00e1nke n\u00e1jdete aktu\u00e1lny preh\u013ead dokon\u010den\u00fdch oblast\u00ed, najnov\u0161\u00edch pr\u00edrastkov a pl\u00e1novan\u00fdch \u00fasekov. Mapa sa neust\u00e1le roz\u0161iruje aj modernizuje postupne. Stav pod\u013ea krajov k 5\/2026 \ud83d\udccd Bratislavsk\u00fd kraj \ud83d\udccd Trnavsk\u00fd kraj \ud83d\udccd Nitriansky kraj \ud83d\udccd Tren\u010diansky kraj \ud83d\udccd \u017dilinsk\u00fd kraj \ud83d\udccd [&hellip;]<\/p>\n","protected":false},"author":3,"featured_media":0,"parent":0,"menu_order":0,"comment_status":"closed","ping_status":"closed","template":"","meta":{"footnotes":""},"class_list":["post-116","page","type-page","status-publish","hentry"],"blocksy_meta":[],"yoast_head":"<!-- This site is optimized with the Yoast SEO plugin v27.6 - https:\/\/yoast.com\/product\/yoast-seo-wordpress\/ -->\n<title>Development Progress | Slovak Map for ETS2<\/title>\n<meta name=\"description\" content=\"Sleduj v\u00fdvoj Slovenskej mapy pre ETS2. Stay updated with the latest progress of the Slovak Map for Euro Truck Simulator 2.\" \/>\n<meta name=\"robots\" content=\"index, follow, max-snippet:-1, max-image-preview:large, max-video-preview:-1\" \/>\n<link rel=\"canonical\" href=\"https:\/\/ets2svkmap.eu\/en\/progress\/\" \/>\n<meta name=\"twitter:card\" content=\"summary_large_image\" \/>\n<meta name=\"twitter:title\" content=\"Development Progress | Slovak Map for ETS2\" \/>\n<meta name=\"twitter:description\" content=\"Sleduj v\u00fdvoj Slovenskej mapy pre ETS2. Stay updated with the latest progress of the Slovak Map for Euro Truck Simulator 2.\" \/>\n<meta name=\"twitter:image\" content=\"https:\/\/ets2svkmap.eu\/wp-content\/uploads\/2025\/07\/Mapa_web7.2025-scaled.png\" \/>\n<meta name=\"twitter:label1\" content=\"Estimated reading time\" \/>\n\t<meta name=\"twitter:data1\" content=\"2 minutes\" \/>\n<script type=\"application\/ld+json\" class=\"yoast-schema-graph\">{\"@context\":\"https:\\\/\\\/schema.org\",\"@graph\":[{\"@type\":\"WebPage\",\"@id\":\"https:\\\/\\\/ets2svkmap.eu\\\/progress\\\/\",\"url\":\"https:\\\/\\\/ets2svkmap.eu\\\/progress\\\/\",\"name\":\"Development Progress | Slovak Map for ETS2\",\"isPartOf\":{\"@id\":\"https:\\\/\\\/ets2svkmap.eu\\\/#website\"},\"primaryImageOfPage\":{\"@id\":\"https:\\\/\\\/ets2svkmap.eu\\\/progress\\\/#primaryimage\"},\"image\":{\"@id\":\"https:\\\/\\\/ets2svkmap.eu\\\/progress\\\/#primaryimage\"},\"thumbnailUrl\":\"https:\\\/\\\/ets2svkmap.eu\\\/wp-content\\\/uploads\\\/2025\\\/07\\\/Mapa_web7.2025-scaled.png\",\"datePublished\":\"2021-12-05T09:44:03+00:00\",\"dateModified\":\"2026-05-09T09:20:53+00:00\",\"description\":\"Sleduj v\u00fdvoj Slovenskej mapy pre ETS2. Stay updated with the latest progress of the Slovak Map for Euro Truck Simulator 2.\",\"breadcrumb\":{\"@id\":\"https:\\\/\\\/ets2svkmap.eu\\\/progress\\\/#breadcrumb\"},\"inLanguage\":\"en-GB\",\"potentialAction\":[{\"@type\":\"ReadAction\",\"target\":[\"https:\\\/\\\/ets2svkmap.eu\\\/progress\\\/\"]}]},{\"@type\":\"ImageObject\",\"inLanguage\":\"en-GB\",\"@id\":\"https:\\\/\\\/ets2svkmap.eu\\\/progress\\\/#primaryimage\",\"url\":\"https:\\\/\\\/ets2svkmap.eu\\\/wp-content\\\/uploads\\\/2025\\\/07\\\/Mapa_web7.2025-scaled.png\",\"contentUrl\":\"https:\\\/\\\/ets2svkmap.eu\\\/wp-content\\\/uploads\\\/2025\\\/07\\\/Mapa_web7.2025-scaled.png\"},{\"@type\":\"BreadcrumbList\",\"@id\":\"https:\\\/\\\/ets2svkmap.eu\\\/progress\\\/#breadcrumb\",\"itemListElement\":[{\"@type\":\"ListItem\",\"position\":1,\"name\":\"Domovsk\u00e1 str\u00e1nka\",\"item\":\"https:\\\/\\\/ets2svkmap.eu\\\/\"},{\"@type\":\"ListItem\",\"position\":2,\"name\":\"Stav v\u00fdvoja\"}]},{\"@type\":\"WebSite\",\"@id\":\"https:\\\/\\\/ets2svkmap.eu\\\/#website\",\"url\":\"https:\\\/\\\/ets2svkmap.eu\\\/\",\"name\":\"Mapa slovenska pre ETS2\",\"description\":\"Mapa slovenska pre ETS2 od Kapo944\",\"publisher\":{\"@id\":\"https:\\\/\\\/ets2svkmap.eu\\\/#organization\"},\"potentialAction\":[{\"@type\":\"SearchAction\",\"target\":{\"@type\":\"EntryPoint\",\"urlTemplate\":\"https:\\\/\\\/ets2svkmap.eu\\\/?s={search_term_string}\"},\"query-input\":{\"@type\":\"PropertyValueSpecification\",\"valueRequired\":true,\"valueName\":\"search_term_string\"}}],\"inLanguage\":\"en-GB\"},{\"@type\":\"Organization\",\"@id\":\"https:\\\/\\\/ets2svkmap.eu\\\/#organization\",\"name\":\"Mapa slovenska pre ETS2\",\"url\":\"https:\\\/\\\/ets2svkmap.eu\\\/\",\"logo\":{\"@type\":\"ImageObject\",\"inLanguage\":\"en-GB\",\"@id\":\"https:\\\/\\\/ets2svkmap.eu\\\/#\\\/schema\\\/logo\\\/image\\\/\",\"url\":\"https:\\\/\\\/ets2svkmap.eu\\\/wp-content\\\/uploads\\\/2025\\\/07\\\/512x512-web.png\",\"contentUrl\":\"https:\\\/\\\/ets2svkmap.eu\\\/wp-content\\\/uploads\\\/2025\\\/07\\\/512x512-web.png\",\"width\":512,\"height\":512,\"caption\":\"Mapa slovenska pre ETS2\"},\"image\":{\"@id\":\"https:\\\/\\\/ets2svkmap.eu\\\/#\\\/schema\\\/logo\\\/image\\\/\"},\"sameAs\":[\"https:\\\/\\\/www.facebook.com\\\/ets2svkmap\",\"https:\\\/\\\/www.instagram.com\\\/ets2_svk_map_by_kapo944\\\/\",\"http:\\\/\\\/discord.gg\\\/wDFUUEMQpS\"]}]}<\/script>\n<!-- \/ Yoast SEO plugin. -->","yoast_head_json":{"title":"Development Progress | Slovak Map for ETS2","description":"Sleduj v\u00fdvoj Slovenskej mapy pre ETS2. Stay updated with the latest progress of the Slovak Map for Euro Truck Simulator 2.","robots":{"index":"index","follow":"follow","max-snippet":"max-snippet:-1","max-image-preview":"max-image-preview:large","max-video-preview":"max-video-preview:-1"},"canonical":"https:\/\/ets2svkmap.eu\/en\/progress\/","twitter_card":"summary_large_image","twitter_title":"Development Progress | Slovak Map for ETS2","twitter_description":"Sleduj v\u00fdvoj Slovenskej mapy pre ETS2. Stay updated with the latest progress of the Slovak Map for Euro Truck Simulator 2.","twitter_image":"https:\/\/ets2svkmap.eu\/wp-content\/uploads\/2025\/07\/Mapa_web7.2025-scaled.png","twitter_misc":{"Estimated reading time":"2 minutes"},"schema":{"@context":"https:\/\/schema.org","@graph":[{"@type":"WebPage","@id":"https:\/\/ets2svkmap.eu\/progress\/","url":"https:\/\/ets2svkmap.eu\/progress\/","name":"Development Progress | Slovak Map for ETS2","isPartOf":{"@id":"https:\/\/ets2svkmap.eu\/#website"},"primaryImageOfPage":{"@id":"https:\/\/ets2svkmap.eu\/progress\/#primaryimage"},"image":{"@id":"https:\/\/ets2svkmap.eu\/progress\/#primaryimage"},"thumbnailUrl":"https:\/\/ets2svkmap.eu\/wp-content\/uploads\/2025\/07\/Mapa_web7.2025-scaled.png","datePublished":"2021-12-05T09:44:03+00:00","dateModified":"2026-05-09T09:20:53+00:00","description":"Sleduj v\u00fdvoj Slovenskej mapy pre ETS2. Stay updated with the latest progress of the Slovak Map for Euro Truck Simulator 2.","breadcrumb":{"@id":"https:\/\/ets2svkmap.eu\/progress\/#breadcrumb"},"inLanguage":"en-GB","potentialAction":[{"@type":"ReadAction","target":["https:\/\/ets2svkmap.eu\/progress\/"]}]},{"@type":"ImageObject","inLanguage":"en-GB","@id":"https:\/\/ets2svkmap.eu\/progress\/#primaryimage","url":"https:\/\/ets2svkmap.eu\/wp-content\/uploads\/2025\/07\/Mapa_web7.2025-scaled.png","contentUrl":"https:\/\/ets2svkmap.eu\/wp-content\/uploads\/2025\/07\/Mapa_web7.2025-scaled.png"},{"@type":"BreadcrumbList","@id":"https:\/\/ets2svkmap.eu\/progress\/#breadcrumb","itemListElement":[{"@type":"ListItem","position":1,"name":"Domovsk\u00e1 str\u00e1nka","item":"https:\/\/ets2svkmap.eu\/"},{"@type":"ListItem","position":2,"name":"Stav v\u00fdvoja"}]},{"@type":"WebSite","@id":"https:\/\/ets2svkmap.eu\/#website","url":"https:\/\/ets2svkmap.eu\/","name":"Mapa slovenska pre ETS2","description":"Mapa slovenska pre ETS2 od Kapo944","publisher":{"@id":"https:\/\/ets2svkmap.eu\/#organization"},"potentialAction":[{"@type":"SearchAction","target":{"@type":"EntryPoint","urlTemplate":"https:\/\/ets2svkmap.eu\/?s={search_term_string}"},"query-input":{"@type":"PropertyValueSpecification","valueRequired":true,"valueName":"search_term_string"}}],"inLanguage":"en-GB"},{"@type":"Organization","@id":"https:\/\/ets2svkmap.eu\/#organization","name":"Mapa slovenska pre ETS2","url":"https:\/\/ets2svkmap.eu\/","logo":{"@type":"ImageObject","inLanguage":"en-GB","@id":"https:\/\/ets2svkmap.eu\/#\/schema\/logo\/image\/","url":"https:\/\/ets2svkmap.eu\/wp-content\/uploads\/2025\/07\/512x512-web.png","contentUrl":"https:\/\/ets2svkmap.eu\/wp-content\/uploads\/2025\/07\/512x512-web.png","width":512,"height":512,"caption":"Mapa slovenska pre ETS2"},"image":{"@id":"https:\/\/ets2svkmap.eu\/#\/schema\/logo\/image\/"},"sameAs":["https:\/\/www.facebook.com\/ets2svkmap","https:\/\/www.instagram.com\/ets2_svk_map_by_kapo944\/","http:\/\/discord.gg\/wDFUUEMQpS"]}]}},"_links":{"self":[{"href":"https:\/\/ets2svkmap.eu\/en\/wp-json\/wp\/v2\/pages\/116","targetHints":{"allow":["GET"]}}],"collection":[{"href":"https:\/\/ets2svkmap.eu\/en\/wp-json\/wp\/v2\/pages"}],"about":[{"href":"https:\/\/ets2svkmap.eu\/en\/wp-json\/wp\/v2\/types\/page"}],"author":[{"embeddable":true,"href":"https:\/\/ets2svkmap.eu\/en\/wp-json\/wp\/v2\/users\/3"}],"replies":[{"embeddable":true,"href":"https:\/\/ets2svkmap.eu\/en\/wp-json\/wp\/v2\/comments?post=116"}],"version-history":[{"count":38,"href":"https:\/\/ets2svkmap.eu\/en\/wp-json\/wp\/v2\/pages\/116\/revisions"}],"predecessor-version":[{"id":1381,"href":"https:\/\/ets2svkmap.eu\/en\/wp-json\/wp\/v2\/pages\/116\/revisions\/1381"}],"wp:attachment":[{"href":"https:\/\/ets2svkmap.eu\/en\/wp-json\/wp\/v2\/media?parent=116"}],"curies":[{"name":"wp","href":"https:\/\/api.w.org\/{rel}","templated":true}]}}