{"id":707,"date":"2023-09-12T13:02:09","date_gmt":"2023-09-12T11:02:09","guid":{"rendered":"https:\/\/ets2svkmap.eu\/?page_id=707"},"modified":"2025-08-03T10:37:24","modified_gmt":"2025-08-03T08:37:24","slug":"paypal","status":"publish","type":"page","link":"https:\/\/ets2svkmap.eu\/en\/paypal\/","title":{"rendered":"Paypal"},"content":{"rendered":"<h3 class=\"wp-block-heading has-text-align-center\">Paypal<\/h3>\n\n\n\n<p><strong>Support the development of SVK Map via PayPal<\/strong><\/p>\n\n\n\n<p>Thank you for considering supporting our project! Your contribution helps us continue developing new sections, fixing issues, and modernizing older parts of the map.<\/p>\n\n\n\n<h3 class=\"wp-block-heading\">How does it work?<\/h3>\n\n\n\n<p><strong>To cover PayPal fees, the minimum contribution is \u20ac2.50.<\/strong><\/p>\n\n\n\n<ol class=\"wp-block-list\">\n<li>Click the button below to open our PayPal donation page<\/li>\n\n\n\n<li>Choose any amount you wish to donate<\/li>\n\n\n\n<li>Support is one-time \u2013 each payment grants access to a single current version of the map, with no entitlement to future updates<\/li>\n\n\n\n<li>You will receive a download link for the extended map version within 48 hours to the email associated with your PayPal account<\/li>\n<\/ol>\n\n\n\n<div style=\"height:50px\" aria-hidden=\"true\" class=\"wp-block-spacer\"><\/div>\n\n\n\n<div class=\"wp-block-columns is-layout-flex wp-container-core-columns-is-layout-28f84493 wp-block-columns-is-layout-flex\">\n<div class=\"wp-block-column is-layout-flow wp-block-column-is-layout-flow\"><\/div>\n\n\n\n<div class=\"wp-block-column is-layout-flow wp-block-column-is-layout-flow\" style=\"flex-basis:160px\">\n<form action=\"https:\/\/www.paypal.com\/donate\" method=\"post\" target=\"_top\">\n<input type=\"hidden\" name=\"hosted_button_id\" value=\"KB48LXRFFQS32\" \/>\n<input type=\"image\" src=\"https:\/\/www.paypalobjects.com\/en_US\/i\/btn\/btn_donateCC_LG.gif\" border=\"0\" name=\"submit\" title=\"PayPal - The safer, easier way to pay online!\" alt=\"Donate with PayPal button\" \/>\n<img loading=\"lazy\" decoding=\"async\" alt=\"\" border=\"0\" src=\"https:\/\/www.paypal.com\/en_SK\/i\/scr\/pixel.gif\" width=\"1\" height=\"1\" \/>\n<\/form>\n<\/div>\n\n\n\n<div class=\"wp-block-column is-layout-flow wp-block-column-is-layout-flow\"><\/div>\n<\/div>\n\n\n\n<p>Contact <a href=\"mailto:ets2slovakia@gmail.com\">ets2slovakia@gmail.com<\/a><\/p>\n\n\n\n<p><\/p>","protected":false},"excerpt":{"rendered":"<p>Paypal Podporte v\u00fdvoj SVK Map cez PayPal \u010eakujeme, \u017ee zva\u017eujete podporu n\u00e1\u0161ho projektu! Va\u0161a podpora n\u00e1m pom\u00e1ha pokra\u010dova\u0165 v tvorbe nov\u00fdch \u00fasekov, oprav\u00e1ch ch\u00fdb a moderniz\u00e1cii star\u0161\u00edch oblast\u00ed mapy. Ako to funguje? Z d\u00f4vodu poplatkov zo strany Paypal je najni\u017e\u0161ia mo\u017en\u00e1 suma pr\u00edspevku 2.5 Euro kontakt: ets2slovakia@gmail.com<\/p>","protected":false},"author":2,"featured_media":0,"parent":0,"menu_order":0,"comment_status":"closed","ping_status":"closed","template":"","meta":{"footnotes":""},"class_list":["post-707","page","type-page","status-publish","hentry"],"blocksy_meta":[],"yoast_head":"<!-- This site is optimized with the Yoast SEO plugin v27.6 - https:\/\/yoast.com\/product\/yoast-seo-wordpress\/ -->\n<title>Support Slovak Map via PayPal | One-Time Access<\/title>\n<meta name=\"description\" content=\"Podpor projekt cez PayPal. One-time support for the ETS2 Slovak Map via PayPal \u2013 thank you!\" \/>\n<meta name=\"robots\" content=\"index, follow, max-snippet:-1, max-image-preview:large, max-video-preview:-1\" \/>\n<link rel=\"canonical\" href=\"https:\/\/ets2svkmap.eu\/en\/paypal\/\" \/>\n<meta name=\"twitter:card\" content=\"summary_large_image\" \/>\n<meta name=\"twitter:title\" content=\"Support Slovak Map via PayPal | One-Time Access\" \/>\n<meta name=\"twitter:description\" content=\"Podpor projekt cez PayPal. One-time support for the ETS2 Slovak Map via PayPal \u2013 thank you!\" \/>\n<meta name=\"twitter:image\" content=\"https:\/\/www.paypal.com\/en_SK\/i\/scr\/pixel.gif\" \/>\n<meta name=\"twitter:label1\" content=\"Estimated reading time\" \/>\n\t<meta name=\"twitter:data1\" content=\"1 minute\" \/>\n<script type=\"application\/ld+json\" class=\"yoast-schema-graph\">{\"@context\":\"https:\\\/\\\/schema.org\",\"@graph\":[{\"@type\":\"WebPage\",\"@id\":\"https:\\\/\\\/ets2svkmap.eu\\\/paypal\\\/\",\"url\":\"https:\\\/\\\/ets2svkmap.eu\\\/paypal\\\/\",\"name\":\"Support Slovak Map via PayPal | One-Time Access\",\"isPartOf\":{\"@id\":\"https:\\\/\\\/ets2svkmap.eu\\\/#website\"},\"primaryImageOfPage\":{\"@id\":\"https:\\\/\\\/ets2svkmap.eu\\\/paypal\\\/#primaryimage\"},\"image\":{\"@id\":\"https:\\\/\\\/ets2svkmap.eu\\\/paypal\\\/#primaryimage\"},\"thumbnailUrl\":\"https:\\\/\\\/www.paypal.com\\\/en_SK\\\/i\\\/scr\\\/pixel.gif\",\"datePublished\":\"2023-09-12T11:02:09+00:00\",\"dateModified\":\"2025-08-03T08:37:24+00:00\",\"description\":\"Podpor projekt cez PayPal. One-time support for the ETS2 Slovak Map via PayPal \u2013 thank you!\",\"breadcrumb\":{\"@id\":\"https:\\\/\\\/ets2svkmap.eu\\\/paypal\\\/#breadcrumb\"},\"inLanguage\":\"en-GB\",\"potentialAction\":[{\"@type\":\"ReadAction\",\"target\":[\"https:\\\/\\\/ets2svkmap.eu\\\/paypal\\\/\"]}]},{\"@type\":\"ImageObject\",\"inLanguage\":\"en-GB\",\"@id\":\"https:\\\/\\\/ets2svkmap.eu\\\/paypal\\\/#primaryimage\",\"url\":\"https:\\\/\\\/www.paypal.com\\\/en_SK\\\/i\\\/scr\\\/pixel.gif\",\"contentUrl\":\"https:\\\/\\\/www.paypal.com\\\/en_SK\\\/i\\\/scr\\\/pixel.gif\"},{\"@type\":\"BreadcrumbList\",\"@id\":\"https:\\\/\\\/ets2svkmap.eu\\\/paypal\\\/#breadcrumb\",\"itemListElement\":[{\"@type\":\"ListItem\",\"position\":1,\"name\":\"Domovsk\u00e1 str\u00e1nka\",\"item\":\"https:\\\/\\\/ets2svkmap.eu\\\/\"},{\"@type\":\"ListItem\",\"position\":2,\"name\":\"Paypal\"}]},{\"@type\":\"WebSite\",\"@id\":\"https:\\\/\\\/ets2svkmap.eu\\\/#website\",\"url\":\"https:\\\/\\\/ets2svkmap.eu\\\/\",\"name\":\"Mapa slovenska pre ETS2\",\"description\":\"Mapa slovenska pre ETS2 od Kapo944\",\"publisher\":{\"@id\":\"https:\\\/\\\/ets2svkmap.eu\\\/#organization\"},\"potentialAction\":[{\"@type\":\"SearchAction\",\"target\":{\"@type\":\"EntryPoint\",\"urlTemplate\":\"https:\\\/\\\/ets2svkmap.eu\\\/?s={search_term_string}\"},\"query-input\":{\"@type\":\"PropertyValueSpecification\",\"valueRequired\":true,\"valueName\":\"search_term_string\"}}],\"inLanguage\":\"en-GB\"},{\"@type\":\"Organization\",\"@id\":\"https:\\\/\\\/ets2svkmap.eu\\\/#organization\",\"name\":\"Mapa slovenska pre ETS2\",\"url\":\"https:\\\/\\\/ets2svkmap.eu\\\/\",\"logo\":{\"@type\":\"ImageObject\",\"inLanguage\":\"en-GB\",\"@id\":\"https:\\\/\\\/ets2svkmap.eu\\\/#\\\/schema\\\/logo\\\/image\\\/\",\"url\":\"https:\\\/\\\/ets2svkmap.eu\\\/wp-content\\\/uploads\\\/2025\\\/07\\\/512x512-web.png\",\"contentUrl\":\"https:\\\/\\\/ets2svkmap.eu\\\/wp-content\\\/uploads\\\/2025\\\/07\\\/512x512-web.png\",\"width\":512,\"height\":512,\"caption\":\"Mapa slovenska pre ETS2\"},\"image\":{\"@id\":\"https:\\\/\\\/ets2svkmap.eu\\\/#\\\/schema\\\/logo\\\/image\\\/\"},\"sameAs\":[\"https:\\\/\\\/www.facebook.com\\\/ets2svkmap\",\"https:\\\/\\\/www.instagram.com\\\/ets2_svk_map_by_kapo944\\\/\",\"http:\\\/\\\/discord.gg\\\/wDFUUEMQpS\"]}]}<\/script>\n<!-- \/ Yoast SEO plugin. -->","yoast_head_json":{"title":"Support Slovak Map via PayPal | One-Time Access","description":"Podpor projekt cez PayPal. One-time support for the ETS2 Slovak Map via PayPal \u2013 thank you!","robots":{"index":"index","follow":"follow","max-snippet":"max-snippet:-1","max-image-preview":"max-image-preview:large","max-video-preview":"max-video-preview:-1"},"canonical":"https:\/\/ets2svkmap.eu\/en\/paypal\/","twitter_card":"summary_large_image","twitter_title":"Support Slovak Map via PayPal | One-Time Access","twitter_description":"Podpor projekt cez PayPal. One-time support for the ETS2 Slovak Map via PayPal \u2013 thank you!","twitter_image":"https:\/\/www.paypal.com\/en_SK\/i\/scr\/pixel.gif","twitter_misc":{"Estimated reading time":"1 minute"},"schema":{"@context":"https:\/\/schema.org","@graph":[{"@type":"WebPage","@id":"https:\/\/ets2svkmap.eu\/paypal\/","url":"https:\/\/ets2svkmap.eu\/paypal\/","name":"Support Slovak Map via PayPal | One-Time Access","isPartOf":{"@id":"https:\/\/ets2svkmap.eu\/#website"},"primaryImageOfPage":{"@id":"https:\/\/ets2svkmap.eu\/paypal\/#primaryimage"},"image":{"@id":"https:\/\/ets2svkmap.eu\/paypal\/#primaryimage"},"thumbnailUrl":"https:\/\/www.paypal.com\/en_SK\/i\/scr\/pixel.gif","datePublished":"2023-09-12T11:02:09+00:00","dateModified":"2025-08-03T08:37:24+00:00","description":"Podpor projekt cez PayPal. One-time support for the ETS2 Slovak Map via PayPal \u2013 thank you!","breadcrumb":{"@id":"https:\/\/ets2svkmap.eu\/paypal\/#breadcrumb"},"inLanguage":"en-GB","potentialAction":[{"@type":"ReadAction","target":["https:\/\/ets2svkmap.eu\/paypal\/"]}]},{"@type":"ImageObject","inLanguage":"en-GB","@id":"https:\/\/ets2svkmap.eu\/paypal\/#primaryimage","url":"https:\/\/www.paypal.com\/en_SK\/i\/scr\/pixel.gif","contentUrl":"https:\/\/www.paypal.com\/en_SK\/i\/scr\/pixel.gif"},{"@type":"BreadcrumbList","@id":"https:\/\/ets2svkmap.eu\/paypal\/#breadcrumb","itemListElement":[{"@type":"ListItem","position":1,"name":"Domovsk\u00e1 str\u00e1nka","item":"https:\/\/ets2svkmap.eu\/"},{"@type":"ListItem","position":2,"name":"Paypal"}]},{"@type":"WebSite","@id":"https:\/\/ets2svkmap.eu\/#website","url":"https:\/\/ets2svkmap.eu\/","name":"Mapa slovenska pre ETS2","description":"Mapa slovenska pre ETS2 od Kapo944","publisher":{"@id":"https:\/\/ets2svkmap.eu\/#organization"},"potentialAction":[{"@type":"SearchAction","target":{"@type":"EntryPoint","urlTemplate":"https:\/\/ets2svkmap.eu\/?s={search_term_string}"},"query-input":{"@type":"PropertyValueSpecification","valueRequired":true,"valueName":"search_term_string"}}],"inLanguage":"en-GB"},{"@type":"Organization","@id":"https:\/\/ets2svkmap.eu\/#organization","name":"Mapa slovenska pre ETS2","url":"https:\/\/ets2svkmap.eu\/","logo":{"@type":"ImageObject","inLanguage":"en-GB","@id":"https:\/\/ets2svkmap.eu\/#\/schema\/logo\/image\/","url":"https:\/\/ets2svkmap.eu\/wp-content\/uploads\/2025\/07\/512x512-web.png","contentUrl":"https:\/\/ets2svkmap.eu\/wp-content\/uploads\/2025\/07\/512x512-web.png","width":512,"height":512,"caption":"Mapa slovenska pre ETS2"},"image":{"@id":"https:\/\/ets2svkmap.eu\/#\/schema\/logo\/image\/"},"sameAs":["https:\/\/www.facebook.com\/ets2svkmap","https:\/\/www.instagram.com\/ets2_svk_map_by_kapo944\/","http:\/\/discord.gg\/wDFUUEMQpS"]}]}},"_links":{"self":[{"href":"https:\/\/ets2svkmap.eu\/en\/wp-json\/wp\/v2\/pages\/707","targetHints":{"allow":["GET"]}}],"collection":[{"href":"https:\/\/ets2svkmap.eu\/en\/wp-json\/wp\/v2\/pages"}],"about":[{"href":"https:\/\/ets2svkmap.eu\/en\/wp-json\/wp\/v2\/types\/page"}],"author":[{"embeddable":true,"href":"https:\/\/ets2svkmap.eu\/en\/wp-json\/wp\/v2\/users\/2"}],"replies":[{"embeddable":true,"href":"https:\/\/ets2svkmap.eu\/en\/wp-json\/wp\/v2\/comments?post=707"}],"version-history":[{"count":17,"href":"https:\/\/ets2svkmap.eu\/en\/wp-json\/wp\/v2\/pages\/707\/revisions"}],"predecessor-version":[{"id":1229,"href":"https:\/\/ets2svkmap.eu\/en\/wp-json\/wp\/v2\/pages\/707\/revisions\/1229"}],"wp:attachment":[{"href":"https:\/\/ets2svkmap.eu\/en\/wp-json\/wp\/v2\/media?parent=707"}],"curies":[{"name":"wp","href":"https:\/\/api.w.org\/{rel}","templated":true}]}}