{"id":832,"date":"2025-06-21T18:19:56","date_gmt":"2025-06-21T16:19:56","guid":{"rendered":"https:\/\/ets2svkmap.eu\/?page_id=832"},"modified":"2025-06-22T17:12:41","modified_gmt":"2025-06-22T15:12:41","slug":"pravne-informacie","status":"publish","type":"page","link":"https:\/\/ets2svkmap.eu\/en\/pravne-informacie\/","title":{"rendered":"Disclaimer"},"content":{"rendered":"<h2 class=\"wp-block-heading\">Disclaimer<\/h2>\n\n\n\n<p><strong data-start=\"1148\" data-end=\"1175\">Disclaimer<\/strong><br>The information published on this website is for informational purposes only.\nThe website operator assumes no responsibility for any damage resulting from the use of information on this site.\nThe content is provided without any guarantee of accuracy, completeness, or timeliness.<\/p>","protected":false},"excerpt":{"rendered":"<p>Pr\u00e1vne inform\u00e1cie Vyl\u00fa\u010denie zodpovednostiInform\u00e1cie zverejnen\u00e9 na tejto webovej str\u00e1nke sl\u00fa\u017eia len na informa\u010dn\u00e9 \u00fa\u010dely. Prev\u00e1dzkovate\u013e str\u00e1nky nenesie zodpovednos\u0165 za pr\u00edpadn\u00e9 \u0161kody sp\u00f4soben\u00e9 pou\u017e\u00edvan\u00edm inform\u00e1ci\u00ed na tomto webe. Obsah str\u00e1nok je poskytovan\u00fd bez z\u00e1ruky spr\u00e1vnosti, \u00faplnosti alebo aktu\u00e1lnosti.<\/p>","protected":false},"author":2,"featured_media":0,"parent":0,"menu_order":0,"comment_status":"closed","ping_status":"closed","template":"","meta":{"footnotes":""},"class_list":["post-832","page","type-page","status-publish","hentry"],"blocksy_meta":[],"yoast_head":"<!-- This site is optimized with the Yoast SEO plugin v27.6 - https:\/\/yoast.com\/product\/yoast-seo-wordpress\/ -->\n<title>Legal Notice &amp; Disclaimer | ETS2 Slovak Map Project<\/title>\n<meta name=\"description\" content=\"Podmienky pou\u017e\u00edvania webu ETS2 Slovak Map. Terms and legal details for visitors and contributors.\" \/>\n<meta name=\"robots\" content=\"index, follow, max-snippet:-1, max-image-preview:large, max-video-preview:-1\" \/>\n<link rel=\"canonical\" href=\"https:\/\/ets2svkmap.eu\/en\/pravne-informacie\/\" \/>\n<meta name=\"twitter:card\" content=\"summary_large_image\" \/>\n<meta name=\"twitter:title\" content=\"Legal Notice &amp; Disclaimer | ETS2 Slovak Map Project\" \/>\n<meta name=\"twitter:description\" content=\"Podmienky pou\u017e\u00edvania webu ETS2 Slovak Map. Terms and legal details for visitors and contributors.\" \/>\n<meta name=\"twitter:label1\" content=\"Estimated reading time\" \/>\n\t<meta name=\"twitter:data1\" content=\"1 minute\" \/>\n<script type=\"application\/ld+json\" class=\"yoast-schema-graph\">{\"@context\":\"https:\\\/\\\/schema.org\",\"@graph\":[{\"@type\":\"WebPage\",\"@id\":\"https:\\\/\\\/ets2svkmap.eu\\\/pravne-informacie\\\/\",\"url\":\"https:\\\/\\\/ets2svkmap.eu\\\/pravne-informacie\\\/\",\"name\":\"Legal Notice & Disclaimer | ETS2 Slovak Map Project\",\"isPartOf\":{\"@id\":\"https:\\\/\\\/ets2svkmap.eu\\\/#website\"},\"datePublished\":\"2025-06-21T16:19:56+00:00\",\"dateModified\":\"2025-06-22T15:12:41+00:00\",\"description\":\"Podmienky pou\u017e\u00edvania webu ETS2 Slovak Map. Terms and legal details for visitors and contributors.\",\"breadcrumb\":{\"@id\":\"https:\\\/\\\/ets2svkmap.eu\\\/pravne-informacie\\\/#breadcrumb\"},\"inLanguage\":\"en-GB\",\"potentialAction\":[{\"@type\":\"ReadAction\",\"target\":[\"https:\\\/\\\/ets2svkmap.eu\\\/pravne-informacie\\\/\"]}]},{\"@type\":\"BreadcrumbList\",\"@id\":\"https:\\\/\\\/ets2svkmap.eu\\\/pravne-informacie\\\/#breadcrumb\",\"itemListElement\":[{\"@type\":\"ListItem\",\"position\":1,\"name\":\"Domovsk\u00e1 str\u00e1nka\",\"item\":\"https:\\\/\\\/ets2svkmap.eu\\\/\"},{\"@type\":\"ListItem\",\"position\":2,\"name\":\"Pr\u00e1vne inform\u00e1cie\"}]},{\"@type\":\"WebSite\",\"@id\":\"https:\\\/\\\/ets2svkmap.eu\\\/#website\",\"url\":\"https:\\\/\\\/ets2svkmap.eu\\\/\",\"name\":\"Mapa slovenska pre ETS2\",\"description\":\"Mapa slovenska pre ETS2 od Kapo944\",\"publisher\":{\"@id\":\"https:\\\/\\\/ets2svkmap.eu\\\/#organization\"},\"potentialAction\":[{\"@type\":\"SearchAction\",\"target\":{\"@type\":\"EntryPoint\",\"urlTemplate\":\"https:\\\/\\\/ets2svkmap.eu\\\/?s={search_term_string}\"},\"query-input\":{\"@type\":\"PropertyValueSpecification\",\"valueRequired\":true,\"valueName\":\"search_term_string\"}}],\"inLanguage\":\"en-GB\"},{\"@type\":\"Organization\",\"@id\":\"https:\\\/\\\/ets2svkmap.eu\\\/#organization\",\"name\":\"Mapa slovenska pre ETS2\",\"url\":\"https:\\\/\\\/ets2svkmap.eu\\\/\",\"logo\":{\"@type\":\"ImageObject\",\"inLanguage\":\"en-GB\",\"@id\":\"https:\\\/\\\/ets2svkmap.eu\\\/#\\\/schema\\\/logo\\\/image\\\/\",\"url\":\"https:\\\/\\\/ets2svkmap.eu\\\/wp-content\\\/uploads\\\/2025\\\/07\\\/512x512-web.png\",\"contentUrl\":\"https:\\\/\\\/ets2svkmap.eu\\\/wp-content\\\/uploads\\\/2025\\\/07\\\/512x512-web.png\",\"width\":512,\"height\":512,\"caption\":\"Mapa slovenska pre ETS2\"},\"image\":{\"@id\":\"https:\\\/\\\/ets2svkmap.eu\\\/#\\\/schema\\\/logo\\\/image\\\/\"},\"sameAs\":[\"https:\\\/\\\/www.facebook.com\\\/ets2svkmap\",\"https:\\\/\\\/www.instagram.com\\\/ets2_svk_map_by_kapo944\\\/\",\"http:\\\/\\\/discord.gg\\\/wDFUUEMQpS\"]}]}<\/script>\n<!-- \/ Yoast SEO plugin. -->","yoast_head_json":{"title":"Legal Notice & Disclaimer | ETS2 Slovak Map Project","description":"Podmienky pou\u017e\u00edvania webu ETS2 Slovak Map. Terms and legal details for visitors and contributors.","robots":{"index":"index","follow":"follow","max-snippet":"max-snippet:-1","max-image-preview":"max-image-preview:large","max-video-preview":"max-video-preview:-1"},"canonical":"https:\/\/ets2svkmap.eu\/en\/pravne-informacie\/","twitter_card":"summary_large_image","twitter_title":"Legal Notice & Disclaimer | ETS2 Slovak Map Project","twitter_description":"Podmienky pou\u017e\u00edvania webu ETS2 Slovak Map. Terms and legal details for visitors and contributors.","twitter_misc":{"Estimated reading time":"1 minute"},"schema":{"@context":"https:\/\/schema.org","@graph":[{"@type":"WebPage","@id":"https:\/\/ets2svkmap.eu\/pravne-informacie\/","url":"https:\/\/ets2svkmap.eu\/pravne-informacie\/","name":"Legal Notice & Disclaimer | ETS2 Slovak Map Project","isPartOf":{"@id":"https:\/\/ets2svkmap.eu\/#website"},"datePublished":"2025-06-21T16:19:56+00:00","dateModified":"2025-06-22T15:12:41+00:00","description":"Podmienky pou\u017e\u00edvania webu ETS2 Slovak Map. Terms and legal details for visitors and contributors.","breadcrumb":{"@id":"https:\/\/ets2svkmap.eu\/pravne-informacie\/#breadcrumb"},"inLanguage":"en-GB","potentialAction":[{"@type":"ReadAction","target":["https:\/\/ets2svkmap.eu\/pravne-informacie\/"]}]},{"@type":"BreadcrumbList","@id":"https:\/\/ets2svkmap.eu\/pravne-informacie\/#breadcrumb","itemListElement":[{"@type":"ListItem","position":1,"name":"Domovsk\u00e1 str\u00e1nka","item":"https:\/\/ets2svkmap.eu\/"},{"@type":"ListItem","position":2,"name":"Pr\u00e1vne inform\u00e1cie"}]},{"@type":"WebSite","@id":"https:\/\/ets2svkmap.eu\/#website","url":"https:\/\/ets2svkmap.eu\/","name":"Mapa slovenska pre ETS2","description":"Mapa slovenska pre ETS2 od Kapo944","publisher":{"@id":"https:\/\/ets2svkmap.eu\/#organization"},"potentialAction":[{"@type":"SearchAction","target":{"@type":"EntryPoint","urlTemplate":"https:\/\/ets2svkmap.eu\/?s={search_term_string}"},"query-input":{"@type":"PropertyValueSpecification","valueRequired":true,"valueName":"search_term_string"}}],"inLanguage":"en-GB"},{"@type":"Organization","@id":"https:\/\/ets2svkmap.eu\/#organization","name":"Mapa slovenska pre ETS2","url":"https:\/\/ets2svkmap.eu\/","logo":{"@type":"ImageObject","inLanguage":"en-GB","@id":"https:\/\/ets2svkmap.eu\/#\/schema\/logo\/image\/","url":"https:\/\/ets2svkmap.eu\/wp-content\/uploads\/2025\/07\/512x512-web.png","contentUrl":"https:\/\/ets2svkmap.eu\/wp-content\/uploads\/2025\/07\/512x512-web.png","width":512,"height":512,"caption":"Mapa slovenska pre ETS2"},"image":{"@id":"https:\/\/ets2svkmap.eu\/#\/schema\/logo\/image\/"},"sameAs":["https:\/\/www.facebook.com\/ets2svkmap","https:\/\/www.instagram.com\/ets2_svk_map_by_kapo944\/","http:\/\/discord.gg\/wDFUUEMQpS"]}]}},"_links":{"self":[{"href":"https:\/\/ets2svkmap.eu\/en\/wp-json\/wp\/v2\/pages\/832","targetHints":{"allow":["GET"]}}],"collection":[{"href":"https:\/\/ets2svkmap.eu\/en\/wp-json\/wp\/v2\/pages"}],"about":[{"href":"https:\/\/ets2svkmap.eu\/en\/wp-json\/wp\/v2\/types\/page"}],"author":[{"embeddable":true,"href":"https:\/\/ets2svkmap.eu\/en\/wp-json\/wp\/v2\/users\/2"}],"replies":[{"embeddable":true,"href":"https:\/\/ets2svkmap.eu\/en\/wp-json\/wp\/v2\/comments?post=832"}],"version-history":[{"count":3,"href":"https:\/\/ets2svkmap.eu\/en\/wp-json\/wp\/v2\/pages\/832\/revisions"}],"predecessor-version":[{"id":1034,"href":"https:\/\/ets2svkmap.eu\/en\/wp-json\/wp\/v2\/pages\/832\/revisions\/1034"}],"wp:attachment":[{"href":"https:\/\/ets2svkmap.eu\/en\/wp-json\/wp\/v2\/media?parent=832"}],"curies":[{"name":"wp","href":"https:\/\/api.w.org\/{rel}","templated":true}]}}